{"id":58,"date":"2019-07-19T12:15:55","date_gmt":"2019-07-19T12:15:55","guid":{"rendered":"https:\/\/gemeinschaftleben.rocks\/?page_id=58"},"modified":"2019-09-08T13:26:31","modified_gmt":"2019-09-08T13:26:31","slug":"prinzipien","status":"publish","type":"page","link":"https:\/\/gemeinschaftleben.rocks\/?page_id=58","title":{"rendered":"Prinzipien"},"content":{"rendered":"\n<p><strong>Nichts f\u00fcr Eremiten, Eigenbr\u00f6dler und Egoisten<\/strong><\/p>\n\n\n<p><span data-contrast=\"none\">Eremiten, Eigenbr<\/span><span data-contrast=\"none\">\u00f6<\/span><span data-contrast=\"none\">dler und Egoisten<\/span><span data-contrast=\"none\">...<\/span><span data-ccp-props=\"{&quot;134233117&quot;:false,&quot;134233118&quot;:false,&quot;201341983&quot;:0,&quot;335551550&quot;:6,&quot;335551620&quot;:6,&quot;335559685&quot;:0,&quot;335559731&quot;:0,&quot;335559737&quot;:0,&quot;335559740&quot;:240}\">\u00a0<\/span><\/p>\n<p><span data-contrast=\"none\">brauchen sich ab hier nicht weiter mit unserem Projekt zu besch<\/span><span data-contrast=\"none\">\u00e4<\/span><span data-contrast=\"none\">ftigen.<br \/><\/span><span data-contrast=\"none\">Die Gemeinschaft steht bei uns im Mittelpunkt.<\/span><span data-ccp-props=\"{&quot;134233117&quot;:false,&quot;134233118&quot;:false,&quot;201341983&quot;:0,&quot;335551550&quot;:6,&quot;335551620&quot;:6,&quot;335559685&quot;:0,&quot;335559731&quot;:0,&quot;335559737&quot;:0,&quot;335559740&quot;:240}\">\u00a0<br \/><\/span><span data-contrast=\"none\">Familien, Paare, Single<\/span><span data-contrast=\"none\">\u2018<\/span><span data-contrast=\"none\">s d<\/span><span data-contrast=\"none\">\u00fc<\/span><span data-contrast=\"none\">rfen sich angesprochen f<\/span><span data-contrast=\"none\">\u00fc<\/span><span data-contrast=\"none\">hlen.\u00a0<\/span><span data-ccp-props=\"{&quot;134233117&quot;:false,&quot;134233118&quot;:false,&quot;201341983&quot;:0,&quot;335551550&quot;:6,&quot;335551620&quot;:6,&quot;335559685&quot;:0,&quot;335559731&quot;:0,&quot;335559737&quot;:0,&quot;335559740&quot;:240}\">\u00a0<br \/><\/span><span data-contrast=\"none\">Aktive Mitgestaltung des Zusammenlebens<\/span><span data-contrast=\"none\"> und Respektierung jedes einzelnen Mitbewohner<\/span><span data-contrast=\"none\">s<\/span><span data-contrast=\"none\"> sind erw<\/span><span data-contrast=\"none\">\u00fc<\/span><span data-contrast=\"none\">nscht.<\/span><span data-ccp-props=\"{&quot;134233117&quot;:false,&quot;134233118&quot;:false,&quot;201341983&quot;:0,&quot;335551550&quot;:6,&quot;335551620&quot;:6,&quot;335559685&quot;:0,&quot;335559731&quot;:0,&quot;335559737&quot;:0,&quot;335559740&quot;:240}\">\u00a0<br \/><\/span><span data-contrast=\"none\">Gegenseitige Hilfe<\/span><span data-contrast=\"none\">, Achtung<\/span><span data-contrast=\"none\"> und Unterst<\/span><span data-contrast=\"none\">\u00fc<\/span><span data-contrast=\"none\">tzung im Alltag<\/span><span data-contrast=\"none\">, bei Krankheit und in Notlagen.<\/span><span data-ccp-props=\"{&quot;134233117&quot;:false,&quot;134233118&quot;:false,&quot;201341983&quot;:0,&quot;335551550&quot;:6,&quot;335551620&quot;:6,&quot;335559685&quot;:0,&quot;335559731&quot;:0,&quot;335559737&quot;:0,&quot;335559740&quot;:240}\">\u00a0<br \/><\/span><span data-contrast=\"none\">Bereitschaft zur L<\/span><span data-contrast=\"none\">\u00f6<\/span><span data-contrast=\"none\">sung von Konflikten im Interesse des Ganzen<\/span><span data-contrast=\"none\">.<\/span><span data-ccp-props=\"{&quot;134233117&quot;:false,&quot;134233118&quot;:false,&quot;201341983&quot;:0,&quot;335551550&quot;:6,&quot;335551620&quot;:6,&quot;335559685&quot;:0,&quot;335559731&quot;:0,&quot;335559737&quot;:0,&quot;335559740&quot;:240}\">\u00a0<br \/><\/span><span data-contrast=\"none\">Mitarbeit in den Selbstverwaltungsgremien der <\/span><span data-contrast=\"none\">Gemeinschaft<\/span><span data-contrast=\"none\">.<\/span><span data-ccp-props=\"{&quot;134233117&quot;:false,&quot;134233118&quot;:false,&quot;201341983&quot;:0,&quot;335551550&quot;:6,&quot;335551620&quot;:6,&quot;335559685&quot;:0,&quot;335559731&quot;:0,&quot;335559737&quot;:0,&quot;335559740&quot;:240}\">\u00a0<br \/><\/span><span data-contrast=\"none\">Solidarische Nutzung von Maschinen, Werkzeugen, Ger<\/span><span data-contrast=\"none\">\u00e4<\/span><span data-contrast=\"none\">ten und Dienstleistungen.<\/span><span data-ccp-props=\"{&quot;134233117&quot;:false,&quot;134233118&quot;:false,&quot;201341983&quot;:0,&quot;335551550&quot;:6,&quot;335551620&quot;:6,&quot;335559685&quot;:0,&quot;335559731&quot;:0,&quot;335559737&quot;:0,&quot;335559740&quot;:240}\">\u00a0<br \/><\/span><span data-contrast=\"none\">Bereitschaft zur Umsetzung <\/span><span data-contrast=\"none\">eines nachhaltigen\u00a0\u00a0<\/span> <span data-contrast=\"none\">Mobilit<\/span><span data-contrast=\"none\">\u00e4<\/span><span data-contrast=\"none\">tskonzept<\/span><span data-contrast=\"none\">s\u00a0<\/span> <span data-contrast=\"none\">\u201e<\/span><span data-contrast=\"none\">Gemeinschaft<\/span> <span data-contrast=\"none\">Leben<\/span><span data-contrast=\"none\">\u201c <\/span><span data-contrast=\"none\">(<\/span><span data-contrast=\"none\">u.a.<\/span> <span data-contrast=\"none\">Reduzierung<\/span><span data-contrast=\"none\"> der Kfz-Anzahl, Kfz-Mitnutzung durch andere BewohnerInnen)<\/span><span data-ccp-props=\"{&quot;134233117&quot;:false,&quot;134233118&quot;:false,&quot;201341983&quot;:0,&quot;335551550&quot;:6,&quot;335551620&quot;:6,&quot;335559685&quot;:0,&quot;335559731&quot;:0,&quot;335559737&quot;:0,&quot;335559740&quot;:240}\">\u00a0<\/span><\/p>\n<p><span data-contrast=\"none\">Die gemein<\/span><span data-contrast=\"none\">sam<\/span><span data-contrast=\"none\"> genutzten Au<\/span><span data-contrast=\"none\">\u00df<\/span><span data-contrast=\"none\">en<\/span><span data-contrast=\"none\">bereiche\/Nutzgarten<\/span><span data-contrast=\"none\"> und die verschiedenen Gemeinschaftsr<\/span><span data-contrast=\"none\">\u00e4<\/span><span data-contrast=\"none\">ume bilden Orte der Begegnung <\/span><span data-contrast=\"none\">f<\/span><span data-contrast=\"none\">\u00fc<\/span><span data-contrast=\"none\">r Bewohner und G<\/span><span data-contrast=\"none\">\u00e4<\/span><span data-contrast=\"none\">ste unserer Anlage.<\/span><span data-ccp-props=\"{&quot;134233117&quot;:false,&quot;134233118&quot;:false,&quot;201341983&quot;:0,&quot;335551550&quot;:6,&quot;335551620&quot;:6,&quot;335559685&quot;:0,&quot;335559731&quot;:0,&quot;335559737&quot;:0,&quot;335559740&quot;:240}\">\u00a0<\/span><\/p>\n<p><span data-contrast=\"none\">Zukunftsorientiert, Barrierefrei, <\/span><span data-contrast=\"none\">\u00d6<\/span><span data-contrast=\"none\">konomie sind die Eckpfeiler bei der Umsetzung der einzelnen Wohneinheiten<\/span><span data-contrast=\"none\">.<\/span><span data-contrast=\"none\">\u00a0<\/span><span data-ccp-props=\"{&quot;134233117&quot;:false,&quot;134233118&quot;:false,&quot;201341983&quot;:0,&quot;335551550&quot;:6,&quot;335551620&quot;:6,&quot;335559685&quot;:0,&quot;335559731&quot;:0,&quot;335559737&quot;:0,&quot;335559740&quot;:240}\">\u00a0<\/span><\/p>\n<p><span data-ccp-props=\"{&quot;134233117&quot;:false,&quot;134233118&quot;:false,&quot;201341983&quot;:0,&quot;335551550&quot;:6,&quot;335551620&quot;:6,&quot;335559685&quot;:0,&quot;335559731&quot;:0,&quot;335559737&quot;:0,&quot;335559740&quot;:240}\">\u00a0<\/span><\/p>","protected":false},"excerpt":{"rendered":"<p>Nichts f\u00fcr Eremiten, Eigenbr\u00f6dler und Egoisten Eremiten, Eigenbr\u00f6dler und Egoisten&#8230;\u00a0 brauchen sich ab hier nicht weiter mit unserem Projekt zu besch\u00e4ftigen.Die Gemeinschaft steht bei uns im Mittelpunkt.\u00a0Familien, Paare, Single\u2018s d\u00fcrfen sich angesprochen f\u00fchlen.\u00a0\u00a0Aktive Mitgestaltung des Zusammenlebens und Respektierung jedes einzelnen Mitbewohners sind erw\u00fcnscht.\u00a0Gegenseitige Hilfe, Achtung und Unterst\u00fctzung im Alltag, bei Krankheit und in Notlagen.\u00a0Bereitschaft zur L\u00f6sung von Konflikten im Interesse des Ganzen.\u00a0Mitarbeit in den Selbstverwaltungsgremien der Gemeinschaft.\u00a0Solidarische Nutzung von Maschinen, Werkzeugen, Ger\u00e4ten und Dienstleistungen.\u00a0Bereitschaft zur Umsetzung eines nachhaltigen\u00a0\u00a0 Mobilit\u00e4tskonzepts\u00a0 \u201eGemeinschaft&#8230;<\/p>\n<p class=\"read-more\"><a class=\"btn btn-default\" href=\"https:\/\/gemeinschaftleben.rocks\/?page_id=58\">Weiterlesen<span class=\"screen-reader-text\"> Weiterlesen<\/span><\/a><\/p>\n","protected":false},"author":2,"featured_media":0,"parent":0,"menu_order":0,"comment_status":"closed","ping_status":"closed","template":"","meta":{"footnotes":""},"class_list":["post-58","page","type-page","status-publish","hentry"],"_links":{"self":[{"href":"https:\/\/gemeinschaftleben.rocks\/index.php?rest_route=\/wp\/v2\/pages\/58","targetHints":{"allow":["GET"]}}],"collection":[{"href":"https:\/\/gemeinschaftleben.rocks\/index.php?rest_route=\/wp\/v2\/pages"}],"about":[{"href":"https:\/\/gemeinschaftleben.rocks\/index.php?rest_route=\/wp\/v2\/types\/page"}],"author":[{"embeddable":true,"href":"https:\/\/gemeinschaftleben.rocks\/index.php?rest_route=\/wp\/v2\/users\/2"}],"replies":[{"embeddable":true,"href":"https:\/\/gemeinschaftleben.rocks\/index.php?rest_route=%2Fwp%2Fv2%2Fcomments&post=58"}],"version-history":[{"count":10,"href":"https:\/\/gemeinschaftleben.rocks\/index.php?rest_route=\/wp\/v2\/pages\/58\/revisions"}],"predecessor-version":[{"id":415,"href":"https:\/\/gemeinschaftleben.rocks\/index.php?rest_route=\/wp\/v2\/pages\/58\/revisions\/415"}],"wp:attachment":[{"href":"https:\/\/gemeinschaftleben.rocks\/index.php?rest_route=%2Fwp%2Fv2%2Fmedia&parent=58"}],"curies":[{"name":"wp","href":"https:\/\/api.w.org\/{rel}","templated":true}]}}