{"id":401,"date":"2019-09-08T13:00:17","date_gmt":"2019-09-08T13:00:17","guid":{"rendered":"https:\/\/gemeinschaftleben.rocks\/?page_id=401"},"modified":"2020-07-05T14:41:29","modified_gmt":"2020-07-05T14:41:29","slug":"kurz-knapp","status":"publish","type":"page","link":"https:\/\/gemeinschaftleben.rocks\/?page_id=401","title":{"rendered":"Kurz &#038; Knapp"},"content":{"rendered":"\n<p>- Schnell\u00fcbersicht -<\/p>\n\n\n\n<p>Wir suchen ein geeignetes Bestandsgeb\u00e4ude, (Bauernhof o.\u00e4.) oder ein Grundst\u00fcck. Interessenten an \u201eGemeinschaftleben\u201c, kontaktet uns. \u00a0Anbieter von Immobilien, Angebote gerne an uns.<\/p>\n\n\n\n<p>Der Plan - ( ist im Detail, nicht in Stein gemeisselt).                                                ab 6 Wohneinheiten von 50 - 100 qm&nbsp;&nbsp;- Neubau oder Umbau eines Bestandsgeb\u00e4ude.                                                                                                         Einige Tiny H\u00e4user, f\u00fcr Wochenend-G\u00e4ste, ggf. auch als langfristige Wohnm\u00f6glichkeit.                                                                                Wohneinheiten f\u00fcr Selbstnutzer in Eigentum oder zur Miete.    Gemeinschaftseinrichtung, von allen Nutzbar von allen Anteilsm\u00e4ssig getragen:                                                                                                                K\u00fcche mit angeschlossenen vielseitig nutzbaren Treffpunkt, f\u00fcr gemeinschaftliche Mahlzeiten, Tische f\u00fcr Brettspieler, Ohrensessel f\u00fcr Leseratten, u.a.                                                                                    Multimediaraum f\u00fcr Filmabende und Musik-, Tanzveranstaltungen.   Werkstatt und Atelier f\u00fcr grobe und kreative Arbeiten.                  Fittnessraum mit angeschlossener Sauna.                                             Nutzgarten und Gew\u00e4chshaus f\u00fcr Teile der solidarischen Selbstversorgung. Gartenruhezonen.                                                                                                    Car-Sharing, E-Bike, E-Roller etc.                                                         Photovoltaik, Regenwasser-Nutzung, Homeautomation,&nbsp;<\/p>\n\n\n\n<p>Letzter und wichtiger Punkt: Einforderung von gemeinschaftlichen Engagement, 5-6 Stunden\/Monat ( Garten, Handwerklich, K\u00fcche, Dienstleistung, Verwaltung, o.a. )<\/p>\n","protected":false},"excerpt":{"rendered":"<p>&#8211; Schnell\u00fcbersicht &#8211; Wir suchen ein geeignetes Bestandsgeb\u00e4ude, (Bauernhof o.\u00e4.) oder ein Grundst\u00fcck. Interessenten an \u201eGemeinschaftleben\u201c, kontaktet uns. \u00a0Anbieter von Immobilien, Angebote gerne an uns. Der Plan &#8211; ( ist im Detail, nicht in Stein gemeisselt). ab 6 Wohneinheiten von 50 &#8211; 100 qm&nbsp;&nbsp;&#8211; Neubau oder Umbau eines Bestandsgeb\u00e4ude. Einige Tiny H\u00e4user, f\u00fcr Wochenend-G\u00e4ste, ggf. auch als langfristige Wohnm\u00f6glichkeit. Wohneinheiten f\u00fcr Selbstnutzer in Eigentum oder zur Miete. Gemeinschaftseinrichtung, von allen Nutzbar von allen Anteilsm\u00e4ssig getragen: K\u00fcche mit angeschlossenen vielseitig nutzbaren&#8230;<\/p>\n<p class=\"read-more\"><a class=\"btn btn-default\" href=\"https:\/\/gemeinschaftleben.rocks\/?page_id=401\">Weiterlesen<span class=\"screen-reader-text\"> Weiterlesen<\/span><\/a><\/p>\n","protected":false},"author":2,"featured_media":0,"parent":0,"menu_order":0,"comment_status":"closed","ping_status":"closed","template":"","meta":{"footnotes":""},"class_list":["post-401","page","type-page","status-publish","hentry"],"_links":{"self":[{"href":"https:\/\/gemeinschaftleben.rocks\/index.php?rest_route=\/wp\/v2\/pages\/401","targetHints":{"allow":["GET"]}}],"collection":[{"href":"https:\/\/gemeinschaftleben.rocks\/index.php?rest_route=\/wp\/v2\/pages"}],"about":[{"href":"https:\/\/gemeinschaftleben.rocks\/index.php?rest_route=\/wp\/v2\/types\/page"}],"author":[{"embeddable":true,"href":"https:\/\/gemeinschaftleben.rocks\/index.php?rest_route=\/wp\/v2\/users\/2"}],"replies":[{"embeddable":true,"href":"https:\/\/gemeinschaftleben.rocks\/index.php?rest_route=%2Fwp%2Fv2%2Fcomments&post=401"}],"version-history":[{"count":7,"href":"https:\/\/gemeinschaftleben.rocks\/index.php?rest_route=\/wp\/v2\/pages\/401\/revisions"}],"predecessor-version":[{"id":689,"href":"https:\/\/gemeinschaftleben.rocks\/index.php?rest_route=\/wp\/v2\/pages\/401\/revisions\/689"}],"wp:attachment":[{"href":"https:\/\/gemeinschaftleben.rocks\/index.php?rest_route=%2Fwp%2Fv2%2Fmedia&parent=401"}],"curies":[{"name":"wp","href":"https:\/\/api.w.org\/{rel}","templated":true}]}}