{"id":164,"date":"2019-07-19T21:23:37","date_gmt":"2019-07-19T21:23:37","guid":{"rendered":"https:\/\/gemeinschaftleben.rocks\/?page_id=164"},"modified":"2020-07-27T20:44:08","modified_gmt":"2020-07-27T20:44:08","slug":"anforderungen-und-vorschlag","status":"publish","type":"page","link":"https:\/\/gemeinschaftleben.rocks\/","title":{"rendered":"Momentaner Fokus"},"content":{"rendered":"\n<p style=\"font-size:33px\">Hallo Freunde des alternativen Wohnens, interessierte am gemeinschaftlichen Miteinander.<\/p>\n\n\n\n<p>Solidarische Wohnformen sind in den letzten Jahren immer mehr in Deutschland entstanden. Ich bin 60 Jahre jung und sehe mich selber mit 65(+-) in einer dieser Wohnformen. Mit meinem Schulfreund Peter, bin ich vor einiger Zeit in die Planung \u201eGemeinschaftLeben\u201c, eingestiegen. F\u00fcr die Umsetzung suchen wir Mitstreiter mit \u00e4hnlichen Interessensgebieten. &nbsp;&nbsp;&nbsp;&nbsp;&nbsp;&nbsp;&nbsp;&nbsp;&nbsp;&nbsp;&nbsp;&nbsp;&nbsp;&nbsp;&nbsp;&nbsp;&nbsp;&nbsp;&nbsp;&nbsp;&nbsp;&nbsp;&nbsp;&nbsp;&nbsp;&nbsp;&nbsp;&nbsp;&nbsp;&nbsp;&nbsp;&nbsp;&nbsp;&nbsp;&nbsp;&nbsp;&nbsp;&nbsp;&nbsp;&nbsp;&nbsp;&nbsp;&nbsp;&nbsp;&nbsp;&nbsp;&nbsp;&nbsp;&nbsp;&nbsp;&nbsp;&nbsp;&nbsp;&nbsp;&nbsp;&nbsp;&nbsp;&nbsp;&nbsp;&nbsp;&nbsp;&nbsp;&nbsp;&nbsp;&nbsp;&nbsp;&nbsp;&nbsp;&nbsp;&nbsp;&nbsp;&nbsp;&nbsp;&nbsp;&nbsp;&nbsp;&nbsp;&nbsp;&nbsp;&nbsp;&nbsp;&nbsp;&nbsp;&nbsp;&nbsp;&nbsp;&nbsp;&nbsp;&nbsp;&nbsp;&nbsp;&nbsp;&nbsp;&nbsp;&nbsp;&nbsp;&nbsp;&nbsp;&nbsp;&nbsp;&nbsp;&nbsp;&nbsp;&nbsp;&nbsp;&nbsp;&nbsp;&nbsp;&nbsp;&nbsp;&nbsp;&nbsp;&nbsp;&nbsp;&nbsp;&nbsp;&nbsp;&nbsp;&nbsp;&nbsp;&nbsp;&nbsp;&nbsp;&nbsp;&nbsp;&nbsp;&nbsp;&nbsp;&nbsp;&nbsp;&nbsp;&nbsp;&nbsp;&nbsp;&nbsp;&nbsp;&nbsp;&nbsp;&nbsp;&nbsp;&nbsp;&nbsp;&nbsp;&nbsp;&nbsp;&nbsp;&nbsp;&nbsp;<\/p>\n\n\n\n<p>Du f\u00fchlst dich angesprochen, weil:  du w\u00fcrdest gerne in einer solidarischen Wohnform wohnen, ( Miete oder Eigentum).                                                              Du planst eine eigene \"Miteinander Wohnform\", und kannst noch Teilnehmer gebrauchen.                                                                                          Du kennst ein zum Verkauf stehendes geeignetes Objekt. Wir sind f\u00fcr jeden Hinweis dankbar.                                                                                                       Du bist Eigent\u00fcmer eines Objekts entsprechender Gr\u00f6sse, (Bauerhof, M\u00fchle, o.\u00e4. oder einem Grundst\u00fcck), m\u00f6chtest dort wohnen bleiben, k\u00f6nntest dich aber von Teilen trennen. Wir \u00fcbernehmen gerne den Umbau.                     Landwirte ohne Nachfolge, wir sind f\u00fcr jeden gemeinschaftlichen Ideenaustausch offen.<\/p>\n\n\n\n<p>Wir planen eine Mischung aus konventioneller Bauweise und Tiny Unterk\u00fcnften. Umbau von geeigneten Bestandsgeb\u00e4ude ggf. auch Neubau. Eigentum oder zur Miete sind optional angedacht.\u00a0\u00a0\u00a0\u00a0 <\/p>\n\n\n\n<p><\/p>\n\n\n\n<p>Daf\u00fcr\nsuchen wir dich und:&nbsp;&nbsp;&nbsp;&nbsp;&nbsp;&nbsp;&nbsp;&nbsp;&nbsp;&nbsp;&nbsp;&nbsp;&nbsp;&nbsp;&nbsp;&nbsp;&nbsp;&nbsp;&nbsp;&nbsp;&nbsp;&nbsp;&nbsp;&nbsp;&nbsp;&nbsp;&nbsp;&nbsp;&nbsp;&nbsp;&nbsp;&nbsp;&nbsp; &nbsp;&nbsp;&nbsp;&nbsp;<\/p>\n\n\n\n<ul class=\"wp-block-list\"><li>Grundst\u00fccksfl\u00e4chen oder Bestandsgeb\u00e4ude, ab  1500 qm.<\/li><li>Geplant sind 6 Wohneinheiten (+), 50-100qm Wohnfl\u00e4che<br>(Miet- und Eigentumswohnungen)<\/li><li>Gemeinsam genutzte Fl\u00e4chen und R\u00e4umlichkeiten <\/li><li>in ruhiger Stadtrandlage mit guter Verkehrsanbindung<br>Grossraum Aachen Stadt\/Land, D\u00fcren, Geilenkirchen, Heinsberg  <br><br>Verk\u00e4ufer eines geeigneten Objektes bitte melden:<br><a href=\"https:\/\/gemeinschaftleben.rocks\/?page_id=142\">Kontakt Formular<\/a> <br>Email:  projekt2020plus@gmail.com <br><\/li><\/ul>\n\n\n\n<p>Du verkaufst oder kennst ein geeignetes Objekt, oder du denkst dar\u00fcber nach ein eigenes Objekt umzugestalten, aber dir fehlt die Manpower und Zeit. Nehme Kontakt mit uns auf. <\/p>\n\n\n\n<p class=\"has-text-color has-vivid-cyan-blue-color\"><strong>Weiterf\u00fchrende links zu \"Projekt 2020+ Gemeinschaft Leben\"<\/strong><br>(Auch \u00fcber die Men\u00fcleiste oben zu erreichen)<br><br><a href=\"https:\/\/gemeinschaftleben.rocks\/?page_id=59\">Die Idee zu unserem Projekt und Inspiration<\/a><br><a href=\"https:\/\/gemeinschaftleben.rocks\/?page_id=401\">Kurz und Knapp, worum geht es <\/a> <br><a href=\"https:\/\/gemeinschaftleben.rocks\/?page_id=58\">Unsere Prinzipien die wir gerne in Gemeinschaft Leben umsetzen w\u00fcrden<\/a> <br><a href=\"https:\/\/gemeinschaftleben.rocks\/?page_id=60\">Hier erf\u00e4hrst Du mehr \u00dcBER UNS<\/a><br><a href=\"https:\/\/gemeinschaftleben.rocks\/?page_id=213\">Von uns realisierte Projekte <\/a><br><a href=\"https:\/\/gemeinschaftleben.rocks\/?page_id=235\">Aktuelles<\/a> <br><a href=\"https:\/\/gemeinschaftleben.rocks\/?page_id=119\">Projekt Meilensteine<\/a><br><a href=\"https:\/\/gemeinschaftleben.rocks\/?page_id=237\">Termine<\/a><\/p>\n\n\n\n<p>Du kannst uns bei Interesse an unserem Projekt auch gerne schreiben. Wie gesagt, momentan suchen wir unser Traumgrundst\u00fcck ob leer oder bebaut.<br>Email:  projekt2020plus@gmail.com  oder direkt \u00fcber diesen link hier  <a href=\"https:\/\/gemeinschaftleben.rocks\/?page_id=142\">Kontaktformular<\/a> <br><br><\/p>\n\n\n\n<figure class=\"wp-block-gallery columns-3 is-cropped wp-block-gallery-1 is-layout-flex wp-block-gallery-is-layout-flex\"><ul class=\"blocks-gallery-grid\"><li class=\"blocks-gallery-item\"><figure><img loading=\"lazy\" decoding=\"async\" width=\"1024\" height=\"683\" src=\"https:\/\/gemeinschaftleben.rocks\/wp-content\/uploads\/2019\/07\/apartment-architectural-design-architecture-565324-1024x683.jpg\" alt=\"\" data-id=\"224\" data-link=\"https:\/\/gemeinschaftleben.rocks\/?attachment_id=224\" class=\"wp-image-224\" srcset=\"https:\/\/gemeinschaftleben.rocks\/wp-content\/uploads\/2019\/07\/apartment-architectural-design-architecture-565324-1024x683.jpg 1024w, https:\/\/gemeinschaftleben.rocks\/wp-content\/uploads\/2019\/07\/apartment-architectural-design-architecture-565324-300x200.jpg 300w, https:\/\/gemeinschaftleben.rocks\/wp-content\/uploads\/2019\/07\/apartment-architectural-design-architecture-565324-768x512.jpg 768w, https:\/\/gemeinschaftleben.rocks\/wp-content\/uploads\/2019\/07\/apartment-architectural-design-architecture-565324-405x270.jpg 405w, https:\/\/gemeinschaftleben.rocks\/wp-content\/uploads\/2019\/07\/apartment-architectural-design-architecture-565324-272x182.jpg 272w\" sizes=\"auto, (max-width: 1024px) 100vw, 1024px\" \/><\/figure><\/li><li class=\"blocks-gallery-item\"><figure><img loading=\"lazy\" decoding=\"async\" width=\"1024\" height=\"687\" src=\"https:\/\/gemeinschaftleben.rocks\/wp-content\/uploads\/2019\/07\/stephan-bechert-yFV39g6AZ5o-unsplash-1024x687.jpg\" alt=\"\" data-id=\"225\" data-link=\"https:\/\/gemeinschaftleben.rocks\/?attachment_id=225\" class=\"wp-image-225\" srcset=\"https:\/\/gemeinschaftleben.rocks\/wp-content\/uploads\/2019\/07\/stephan-bechert-yFV39g6AZ5o-unsplash-1024x687.jpg 1024w, https:\/\/gemeinschaftleben.rocks\/wp-content\/uploads\/2019\/07\/stephan-bechert-yFV39g6AZ5o-unsplash-300x201.jpg 300w, https:\/\/gemeinschaftleben.rocks\/wp-content\/uploads\/2019\/07\/stephan-bechert-yFV39g6AZ5o-unsplash-768x515.jpg 768w, https:\/\/gemeinschaftleben.rocks\/wp-content\/uploads\/2019\/07\/stephan-bechert-yFV39g6AZ5o-unsplash-402x270.jpg 402w, https:\/\/gemeinschaftleben.rocks\/wp-content\/uploads\/2019\/07\/stephan-bechert-yFV39g6AZ5o-unsplash-272x182.jpg 272w\" sizes=\"auto, (max-width: 1024px) 100vw, 1024px\" \/><\/figure><\/li><li class=\"blocks-gallery-item\"><figure><img loading=\"lazy\" decoding=\"async\" width=\"1024\" height=\"576\" src=\"https:\/\/gemeinschaftleben.rocks\/wp-content\/uploads\/2019\/07\/Folie1-4-1024x576.jpg\" alt=\"\" data-id=\"227\" data-link=\"https:\/\/gemeinschaftleben.rocks\/?attachment_id=227\" class=\"wp-image-227\" srcset=\"https:\/\/gemeinschaftleben.rocks\/wp-content\/uploads\/2019\/07\/Folie1-4-1024x576.jpg 1024w, https:\/\/gemeinschaftleben.rocks\/wp-content\/uploads\/2019\/07\/Folie1-4-300x169.jpg 300w, https:\/\/gemeinschaftleben.rocks\/wp-content\/uploads\/2019\/07\/Folie1-4-768x432.jpg 768w, https:\/\/gemeinschaftleben.rocks\/wp-content\/uploads\/2019\/07\/Folie1-4-480x270.jpg 480w, https:\/\/gemeinschaftleben.rocks\/wp-content\/uploads\/2019\/07\/Folie1-4.jpg 1280w\" sizes=\"auto, (max-width: 1024px) 100vw, 1024px\" \/><\/figure><\/li><li class=\"blocks-gallery-item\"><figure><img loading=\"lazy\" decoding=\"async\" width=\"1024\" height=\"576\" src=\"https:\/\/gemeinschaftleben.rocks\/wp-content\/uploads\/2019\/07\/Folie2-5-1024x576.jpg\" alt=\"\" data-id=\"228\" data-link=\"https:\/\/gemeinschaftleben.rocks\/?attachment_id=228\" class=\"wp-image-228\" srcset=\"https:\/\/gemeinschaftleben.rocks\/wp-content\/uploads\/2019\/07\/Folie2-5-1024x576.jpg 1024w, https:\/\/gemeinschaftleben.rocks\/wp-content\/uploads\/2019\/07\/Folie2-5-300x169.jpg 300w, https:\/\/gemeinschaftleben.rocks\/wp-content\/uploads\/2019\/07\/Folie2-5-768x432.jpg 768w, https:\/\/gemeinschaftleben.rocks\/wp-content\/uploads\/2019\/07\/Folie2-5-480x270.jpg 480w, https:\/\/gemeinschaftleben.rocks\/wp-content\/uploads\/2019\/07\/Folie2-5.jpg 1280w\" sizes=\"auto, (max-width: 1024px) 100vw, 1024px\" \/><figcaption class=\"blocks-gallery-item__caption\">Wir k\u00f6nnten auch so eine alte Fabrik erneuern und zum Gemeinschaft Leben Domizil umgestalten<\/figcaption><\/figure><\/li><li class=\"blocks-gallery-item\"><figure><img loading=\"lazy\" decoding=\"async\" width=\"1024\" height=\"682\" src=\"https:\/\/gemeinschaftleben.rocks\/wp-content\/uploads\/2019\/07\/aerial-view-architecture-cars-280221-1024x682.jpg\" alt=\"\" data-id=\"223\" data-link=\"https:\/\/gemeinschaftleben.rocks\/?attachment_id=223\" class=\"wp-image-223\" srcset=\"https:\/\/gemeinschaftleben.rocks\/wp-content\/uploads\/2019\/07\/aerial-view-architecture-cars-280221-1024x682.jpg 1024w, https:\/\/gemeinschaftleben.rocks\/wp-content\/uploads\/2019\/07\/aerial-view-architecture-cars-280221-300x200.jpg 300w, https:\/\/gemeinschaftleben.rocks\/wp-content\/uploads\/2019\/07\/aerial-view-architecture-cars-280221-768x512.jpg 768w, https:\/\/gemeinschaftleben.rocks\/wp-content\/uploads\/2019\/07\/aerial-view-architecture-cars-280221-405x270.jpg 405w, https:\/\/gemeinschaftleben.rocks\/wp-content\/uploads\/2019\/07\/aerial-view-architecture-cars-280221-272x182.jpg 272w, https:\/\/gemeinschaftleben.rocks\/wp-content\/uploads\/2019\/07\/aerial-view-architecture-cars-280221.jpg 1280w\" sizes=\"auto, (max-width: 1024px) 100vw, 1024px\" \/><figcaption class=\"blocks-gallery-item__caption\">So z.b k\u00f6nnte unsere kleine Wohngemeinschaft leben <\/figcaption><\/figure><\/li><li class=\"blocks-gallery-item\"><figure><img loading=\"lazy\" decoding=\"async\" width=\"1024\" height=\"576\" src=\"https:\/\/gemeinschaftleben.rocks\/wp-content\/uploads\/2019\/07\/Folie1-5-1024x576.jpg\" alt=\"\" data-id=\"232\" data-link=\"https:\/\/gemeinschaftleben.rocks\/?attachment_id=232\" class=\"wp-image-232\" srcset=\"https:\/\/gemeinschaftleben.rocks\/wp-content\/uploads\/2019\/07\/Folie1-5-1024x576.jpg 1024w, https:\/\/gemeinschaftleben.rocks\/wp-content\/uploads\/2019\/07\/Folie1-5-300x169.jpg 300w, https:\/\/gemeinschaftleben.rocks\/wp-content\/uploads\/2019\/07\/Folie1-5-768x432.jpg 768w, https:\/\/gemeinschaftleben.rocks\/wp-content\/uploads\/2019\/07\/Folie1-5-480x270.jpg 480w, https:\/\/gemeinschaftleben.rocks\/wp-content\/uploads\/2019\/07\/Folie1-5.jpg 1280w\" sizes=\"auto, (max-width: 1024px) 100vw, 1024px\" \/><\/figure><\/li><\/ul><\/figure>\n\n\n\n<p><\/p>\n","protected":false},"excerpt":{"rendered":"<p>Hallo Freunde des alternativen Wohnens, interessierte am gemeinschaftlichen Miteinander. Solidarische Wohnformen sind in den letzten Jahren immer mehr in Deutschland entstanden. Ich bin 60 Jahre jung und sehe mich selber mit 65(+-) in einer dieser Wohnformen. Mit meinem Schulfreund Peter, bin ich vor einiger Zeit in die Planung \u201eGemeinschaftLeben\u201c, eingestiegen. F\u00fcr die Umsetzung suchen wir Mitstreiter mit \u00e4hnlichen Interessensgebieten. &nbsp;&nbsp;&nbsp;&nbsp;&nbsp;&nbsp;&nbsp;&nbsp;&nbsp;&nbsp;&nbsp;&nbsp;&nbsp;&nbsp;&nbsp;&nbsp;&nbsp;&nbsp;&nbsp;&nbsp;&nbsp;&nbsp;&nbsp;&nbsp;&nbsp;&nbsp;&nbsp;&nbsp;&nbsp;&nbsp;&nbsp;&nbsp;&nbsp;&nbsp;&nbsp;&nbsp;&nbsp;&nbsp;&nbsp;&nbsp;&nbsp;&nbsp;&nbsp;&nbsp;&nbsp;&nbsp;&nbsp;&nbsp;&nbsp;&nbsp;&nbsp;&nbsp;&nbsp;&nbsp;&nbsp;&nbsp;&nbsp;&nbsp;&nbsp;&nbsp;&nbsp;&nbsp;&nbsp;&nbsp;&nbsp;&nbsp;&nbsp;&nbsp;&nbsp;&nbsp;&nbsp;&nbsp;&nbsp;&nbsp;&nbsp;&nbsp;&nbsp;&nbsp;&nbsp;&nbsp;&nbsp;&nbsp;&nbsp;&nbsp;&nbsp;&nbsp;&nbsp;&nbsp;&nbsp;&nbsp;&nbsp;&nbsp;&nbsp;&nbsp;&nbsp;&nbsp;&nbsp;&nbsp;&nbsp;&nbsp;&nbsp;&nbsp;&nbsp;&nbsp;&nbsp;&nbsp;&nbsp;&nbsp;&nbsp;&nbsp;&nbsp;&nbsp;&nbsp;&nbsp;&nbsp;&nbsp;&nbsp;&nbsp;&nbsp;&nbsp;&nbsp;&nbsp;&nbsp;&nbsp;&nbsp;&nbsp;&nbsp;&nbsp;&nbsp;&nbsp;&nbsp;&nbsp;&nbsp;&nbsp;&nbsp;&nbsp;&nbsp;&nbsp;&nbsp;&nbsp;&nbsp;&nbsp;&nbsp;&nbsp;&nbsp;&nbsp;&nbsp;&nbsp; Du f\u00fchlst dich angesprochen, weil: du w\u00fcrdest gerne in einer solidarischen Wohnform wohnen, ( Miete oder Eigentum). Du planst eine&#8230;<\/p>\n<p class=\"read-more\"><a class=\"btn btn-default\" href=\"https:\/\/gemeinschaftleben.rocks\/\">Weiterlesen<span class=\"screen-reader-text\"> Weiterlesen<\/span><\/a><\/p>\n","protected":false},"author":2,"featured_media":0,"parent":0,"menu_order":0,"comment_status":"closed","ping_status":"closed","template":"","meta":{"footnotes":""},"class_list":["post-164","page","type-page","status-publish","hentry"],"_links":{"self":[{"href":"https:\/\/gemeinschaftleben.rocks\/index.php?rest_route=\/wp\/v2\/pages\/164","targetHints":{"allow":["GET"]}}],"collection":[{"href":"https:\/\/gemeinschaftleben.rocks\/index.php?rest_route=\/wp\/v2\/pages"}],"about":[{"href":"https:\/\/gemeinschaftleben.rocks\/index.php?rest_route=\/wp\/v2\/types\/page"}],"author":[{"embeddable":true,"href":"https:\/\/gemeinschaftleben.rocks\/index.php?rest_route=\/wp\/v2\/users\/2"}],"replies":[{"embeddable":true,"href":"https:\/\/gemeinschaftleben.rocks\/index.php?rest_route=%2Fwp%2Fv2%2Fcomments&post=164"}],"version-history":[{"count":56,"href":"https:\/\/gemeinschaftleben.rocks\/index.php?rest_route=\/wp\/v2\/pages\/164\/revisions"}],"predecessor-version":[{"id":701,"href":"https:\/\/gemeinschaftleben.rocks\/index.php?rest_route=\/wp\/v2\/pages\/164\/revisions\/701"}],"wp:attachment":[{"href":"https:\/\/gemeinschaftleben.rocks\/index.php?rest_route=%2Fwp%2Fv2%2Fmedia&parent=164"}],"curies":[{"name":"wp","href":"https:\/\/api.w.org\/{rel}","templated":true}]}}