{"id":142,"date":"2019-07-19T20:44:09","date_gmt":"2019-07-19T20:44:09","guid":{"rendered":"https:\/\/gemeinschaftleben.rocks\/?page_id=142"},"modified":"2022-02-07T15:58:44","modified_gmt":"2022-02-07T15:58:44","slug":"kontakt-2","status":"publish","type":"page","link":"https:\/\/gemeinschaftleben.rocks\/?page_id=142","title":{"rendered":"Kontakt"},"content":{"rendered":"\n<p>Momentan suchen wir ein geeignetes Grundst\u00fcck\/Geb\u00e4ude-komplex um unser Projekt im Raum Aachen-D\u00fcren zu verwirklichen.<br>Vielleicht haben Sie ja ein geeignetes Grundst\u00fcck oder Geb\u00e4ude und wollen vielleicht selber bei \"Gemeinschaft Leben\" mitmachen und ihre Ideen und Immobilien einbringen.   <br><br>Wir freuen uns auf euren Kontakt!<\/p>\n\n\n\n<p><!-- <p>[contact-form-7 id=\"13\" title=\"Kontaktformular Projekt2020+\"]<\/p> --><\/p>\n\n\n\n<p>Email: projekt2020plus@gmail.com  <br>Projekt 2020+ Gesellschaft (im Entstehen)<br>Projektleiter: Klaus Hoffmann und Peter Gibbels<\/p>\n","protected":false},"excerpt":{"rendered":"<p>Momentan suchen wir ein geeignetes Grundst\u00fcck\/Geb\u00e4ude-komplex um unser Projekt im Raum Aachen-D\u00fcren zu verwirklichen.Vielleicht haben Sie ja ein geeignetes Grundst\u00fcck oder Geb\u00e4ude und wollen vielleicht selber bei &#8222;Gemeinschaft Leben&#8220; mitmachen und ihre Ideen und Immobilien einbringen. Wir freuen uns auf euren Kontakt! Email: projekt2020plus@gmail.com Projekt 2020+ Gesellschaft (im Entstehen)Projektleiter: Klaus Hoffmann und Peter Gibbels<\/p>\n","protected":false},"author":2,"featured_media":0,"parent":0,"menu_order":0,"comment_status":"closed","ping_status":"closed","template":"","meta":{"footnotes":""},"class_list":["post-142","page","type-page","status-publish","hentry"],"_links":{"self":[{"href":"https:\/\/gemeinschaftleben.rocks\/index.php?rest_route=\/wp\/v2\/pages\/142","targetHints":{"allow":["GET"]}}],"collection":[{"href":"https:\/\/gemeinschaftleben.rocks\/index.php?rest_route=\/wp\/v2\/pages"}],"about":[{"href":"https:\/\/gemeinschaftleben.rocks\/index.php?rest_route=\/wp\/v2\/types\/page"}],"author":[{"embeddable":true,"href":"https:\/\/gemeinschaftleben.rocks\/index.php?rest_route=\/wp\/v2\/users\/2"}],"replies":[{"embeddable":true,"href":"https:\/\/gemeinschaftleben.rocks\/index.php?rest_route=%2Fwp%2Fv2%2Fcomments&post=142"}],"version-history":[{"count":12,"href":"https:\/\/gemeinschaftleben.rocks\/index.php?rest_route=\/wp\/v2\/pages\/142\/revisions"}],"predecessor-version":[{"id":733,"href":"https:\/\/gemeinschaftleben.rocks\/index.php?rest_route=\/wp\/v2\/pages\/142\/revisions\/733"}],"wp:attachment":[{"href":"https:\/\/gemeinschaftleben.rocks\/index.php?rest_route=%2Fwp%2Fv2%2Fmedia&parent=142"}],"curies":[{"name":"wp","href":"https:\/\/api.w.org\/{rel}","templated":true}]}}